{"id":391,"date":"2016-11-22T13:18:07","date_gmt":"2016-11-22T12:18:07","guid":{"rendered":"http:\/\/localhost:8888\/maga\/?page_id=391"},"modified":"2017-03-01T16:31:37","modified_gmt":"2017-03-01T15:31:37","slug":"presentation","status":"publish","type":"page","link":"https:\/\/avocats-maga.sn\/en\/presentation\/","title":{"rendered":"Pr\u00e9sentation"},"content":{"rendered":"<div class=\"wpb-content-wrapper\"><p>[vc_row][vc_column][vc_single_image image=&#8221;531&#8243; alignment=&#8221;center&#8221;]\n         <article class=\"text-left  inner-pad \">\n                         <h6 class=\"promo-text  font1 dark\">PRESENTATION<\/h6>\n                         <h4 class=\"black font2bold tiny-caps\"><\/h4>\n         <\/article>[\/vc_column][\/vc_row][vc_row el_class=&#8221;pad-bottom pad-bottom&#8221;][vc_column width=&#8221;1\/2&#8243;]<h3 class=\"main-heading  font2light black \" style=\"color:#000000\">Nous sommes honor\u00e9s de vous accueillir sur notre site.<\/h3>[vc_row_inner el_class=&#8221;pad-top-quarter&#8221; css=&#8221;.vc_custom_1472132131419{padding-right: 0px !important;padding-left: 0px !important;}&#8221;][vc_column_inner css=&#8221;.vc_custom_1472132123592{padding-right: 0px !important;padding-left: 0px !important;}&#8221;][vc_column_text]Nous vous remercions de vous int\u00e9resser \u00e0 notre cabinet et de chercher \u00e0 nous conna\u00eetre. Pour vous satisfaire, nous avons essay\u00e9 de mettre \u00e0 votre disposition toutes les informations vous permettant de savoir qui nous sommes et ce que nous faisons. Ce site dont vous d\u00e9couvrirez l\u2019interactivit\u00e9, \u00e0 plus d\u2019un titre, constitue un trait d\u2019union dynamique entre vous et nous.[\/vc_column_text][\/vc_column_inner][\/vc_row_inner][vc_single_image image=&#8221;482&#8243; img_size=&#8221;full&#8221; css_animation=&#8221;bottom-to-top&#8221; el_class=&#8221;img-responsive&#8221;]<h3 class=\"main-heading  font2light black \" style=\"color:#000000\">Notre professionnalisme nous valent la confiance des firmes internationales d\u2019avocats. <\/h3>[vc_row_inner el_class=&#8221;pad-top-quarter&#8221; css=&#8221;.vc_custom_1472132131419{padding-right: 0px !important;padding-left: 0px !important;}&#8221;][vc_column_inner css=&#8221;.vc_custom_1472132123592{padding-right: 0px !important;padding-left: 0px !important;}&#8221;][vc_column_text]C\u2019est ainsi que notre cabinet a le privil\u00e8ge d\u2019\u00eatre le correspondant au S\u00e9n\u00e9gal de Hogan Lovells, Baker &amp; Mckenzie, Linklaters, Clifford Chance, White &amp; Case, Norton Rose Fullbright, Freschfields et Denton Sapte.<br \/>\nNotre cabinet est class\u00e9 depuis 2003 par Chambers Global publication de r\u00e9f\u00e9rence \u00e9dit\u00e9e \u00e0 Londres (www.chambersandpartners.com), dans le top 2 des meilleurs cabinets du S\u00e9n\u00e9gal sur la base d&#8217;une enqu\u00eate men\u00e9e aupr\u00e8s des milieux d\u2019affaires.[\/vc_column_text][vc_single_image image=&#8221;500&#8243; img_size=&#8221;full&#8221; css_animation=&#8221;bottom-to-top&#8221; el_class=&#8221;img-responsive&#8221;][\/vc_column_inner][\/vc_row_inner][\/vc_column][vc_column width=&#8221;1\/2&#8243;][vc_row_inner][vc_column_inner][vc_single_image image=&#8221;495&#8243; img_size=&#8221;full&#8221; css_animation=&#8221;bottom-to-top&#8221; el_class=&#8221;img-responsive&#8221;]<h3 class=\"main-heading  font2light black \" style=\"color:#000000\">Notre ambition est de vous offrir plus que ce vous attendez g\u00e9n\u00e9ralement d\u2019un cabinet d\u2019avocats<\/h3>[vc_column_text]Pour atteindre cet objectif, nous avons repens\u00e9 notre m\u00e9tier pour apporter une valeur ajout\u00e9e \u00e0 votre activit\u00e9 en fournissant la solution optimale aux probl\u00e8mes juridiques de nos clients. et en veillant \u00e0 assurer leur satisfaction avec notre syst\u00e8me de management de la qualit\u00e9. En \u00e9tant le seul cabinet d\u2019avocats certifi\u00e9 Iso 9001-2008 au S\u00e9n\u00e9gal, nous nous distinguons par notre souci d\u2019assurer un service de qualit\u00e9, d\u2019\u00eatre \u00e0 l\u2019\u00e9coute des clients et de nous inscrire dans une logique d\u2019am\u00e9lioration permanente.[\/vc_column_text][\/vc_column_inner][\/vc_row_inner][vc_single_image image=&#8221;537&#8243; img_size=&#8221;full&#8221; alignment=&#8221;center&#8221; css_animation=&#8221;bottom-to-top&#8221; el_class=&#8221;img-responsive&#8221;]<h3 class=\"main-heading  font2light black \" style=\"color:#000000\">Partenariat<\/h3>[vc_column_text]<\/p>\n<p style=\"text-align: justify;\">Nous vous proposons d\u2019\u00eatre votre partenaire pour vous accompagner et vous aider \u00e0 s\u00e9curiser, optimiser et dynamiser vos activit\u00e9s par une exploitation judicieuse des ressources du droit.<br \/>\nQu\u2019il s\u2019agisse d\u2019offrir une assistance pour le lancement d\u2019une nouvelle activit\u00e9, d\u2019accompagner une exploitation en cours ou de vous aider \u00e0 assurer la sauvegarde de votre patrimoine, notre cabinet propose une palette de services adapt\u00e9s \u00e0 vos besoins.<br \/>\nPour vous permettre d\u2019en tirer le meilleur profit, nous vous garantissons notre totale disponibilit\u00e9 et une grande r\u00e9activit\u00e9.<\/p>\n<p>[\/vc_column_text][\/vc_column][\/vc_row][vc_row][vc_column][vc_column_text]<\/p>\n<p style=\"text-align: center;\">Ce site est \u00e0 votre service. Fa\u00eetes le v\u00f4tre en nous faisant part de vos suggestions pour son am\u00e9lioration.<br \/>\nEn esp\u00e9rant que vous voudrez bien nous honorer de votre confiance ou de nous la r\u00e9it\u00e9rer, nous vous prions de croire en nos sentiments d\u00e9vou\u00e9s.<\/p>\n<p>[\/vc_column_text][\/vc_column][\/vc_row][vc_row][vc_column][vc_text_separator title=&#8221;RESEAUX&#8221; el_width=&#8221;50&#8243;][\/vc_column][\/vc_row][vc_row el_class=&#8221;reseaux&#8221;][vc_column width=&#8221;1\/4&#8243;][vc_single_image image=&#8221;659&#8243; img_size=&#8221;full&#8221; onclick=&#8221;custom_link&#8221; img_link_target=&#8221;_blank&#8221; css_animation=&#8221;appear&#8221; link=&#8221;http:\/\/www.chambersandpartners.com\/Global\/firm\/2258\/mame-adama-gueye-associes&#8221;][\/vc_column][vc_column width=&#8221;1\/4&#8243;][vc_single_image image=&#8221;660&#8243; img_size=&#8221;full&#8221; onclick=&#8221;custom_link&#8221; img_link_target=&#8221;_blank&#8221; css_animation=&#8221;appear&#8221; link=&#8221;http:\/\/www.lexafrica.com\/&#8221;][\/vc_column][vc_column width=&#8221;1\/4&#8243;][vc_single_image image=&#8221;661&#8243; img_size=&#8221;full&#8221; onclick=&#8221;custom_link&#8221; img_link_target=&#8221;_blank&#8221; css_animation=&#8221;appear&#8221; link=&#8221;http:\/\/www.sgs.com\/&#8221;][\/vc_column][vc_column width=&#8221;1\/4&#8243;][vc_single_image image=&#8221;662&#8243; img_size=&#8221;full&#8221; onclick=&#8221;custom_link&#8221; img_link_target=&#8221;_blank&#8221; css_animation=&#8221;appear&#8221; link=&#8221;http:\/\/www.worldservicesgroup.com\/&#8221;][\/vc_column][\/vc_row]<\/p>\n<\/div>","protected":false},"excerpt":{"rendered":"<p>[vc_row][vc_column][vc_single_image image=&#8221;531&#8243; alignment=&#8221;center&#8221;][\/vc_column][\/vc_row][vc_row el_class=&#8221;pad-bottom pad-bottom&#8221;][vc_column width=&#8221;1\/2&#8243;][vc_row_inner el_class=&#8221;pad-top-quarter&#8221; css=&#8221;.vc_custom_1472132131419{padding-right: 0px !important;padding-left: 0px !important;}&#8221;][vc_column_inner css=&#8221;.vc_custom_1472132123592{padding-right: 0px !important;padding-left: 0px !important;}&#8221;][vc_column_text]Nous vous remercions de vous int\u00e9resser \u00e0 notre cabinet et de chercher \u00e0 nous conna\u00eetre. Pour vous satisfaire, nous avons essay\u00e9 de mettre \u00e0 votre disposition toutes les informations vous permettant de savoir qui nous sommes et ce que nous faisons. Ce site dont vous d\u00e9couvrirez l\u2019interactivit\u00e9, \u00e0 plus d\u2019un titre, constitue un trait d\u2019union dynamique entre vous et nous.[\/vc_column_text][\/vc_column_inner][\/vc_row_inner][vc_single_image image=&#8221;482&#8243; img_size=&#8221;full&#8221; css_animation=&#8221;bottom-to-top&#8221; el_class=&#8221;img-responsive&#8221;][vc_row_inner el_class=&#8221;pad-top-quarter&#8221; css=&#8221;.vc_custom_1472132131419{padding-right: 0px !important;padding-left: 0px !important;}&#8221;][vc_column_inner css=&#8221;.vc_custom_1472132123592{padding-right: 0px !important;padding-left: 0px !important;}&#8221;][vc_column_text]C\u2019est ainsi que notre cabinet a le privil\u00e8ge d\u2019\u00eatre le correspondant au S\u00e9n\u00e9gal de Hogan Lovells, Baker &amp; Mckenzie, Linklaters, Clifford Chance, White &amp; Case,<\/p>\n","protected":false},"author":1,"featured_media":0,"parent":0,"menu_order":0,"comment_status":"closed","ping_status":"closed","template":"","meta":{"footnotes":""},"class_list":["post-391","page","type-page","status-publish","hentry"],"_links":{"self":[{"href":"https:\/\/avocats-maga.sn\/en\/wp-json\/wp\/v2\/pages\/391","targetHints":{"allow":["GET"]}}],"collection":[{"href":"https:\/\/avocats-maga.sn\/en\/wp-json\/wp\/v2\/pages"}],"about":[{"href":"https:\/\/avocats-maga.sn\/en\/wp-json\/wp\/v2\/types\/page"}],"author":[{"embeddable":true,"href":"https:\/\/avocats-maga.sn\/en\/wp-json\/wp\/v2\/users\/1"}],"replies":[{"embeddable":true,"href":"https:\/\/avocats-maga.sn\/en\/wp-json\/wp\/v2\/comments?post=391"}],"version-history":[{"count":42,"href":"https:\/\/avocats-maga.sn\/en\/wp-json\/wp\/v2\/pages\/391\/revisions"}],"predecessor-version":[{"id":754,"href":"https:\/\/avocats-maga.sn\/en\/wp-json\/wp\/v2\/pages\/391\/revisions\/754"}],"wp:attachment":[{"href":"https:\/\/avocats-maga.sn\/en\/wp-json\/wp\/v2\/media?parent=391"}],"curies":[{"name":"wp","href":"https:\/\/api.w.org\/{rel}","templated":true}]}}