{"id":393,"date":"2016-11-22T13:18:18","date_gmt":"2016-11-22T12:18:18","guid":{"rendered":"http:\/\/localhost:8888\/maga\/?page_id=393"},"modified":"2017-02-27T18:41:56","modified_gmt":"2017-02-27T17:41:56","slug":"nos-avocats","status":"publish","type":"page","link":"https:\/\/avocats-maga.sn\/en\/nos-avocats\/","title":{"rendered":"Nos Avocats"},"content":{"rendered":"<div class=\"wpb-content-wrapper\"><p>[vc_row][vc_column][vc_single_image image=&#8221;531&#8243; alignment=&#8221;center&#8221;]\n         <article class=\"text-left  inner-pad \">\n                         <h6 class=\"promo-text  font1 dark\">NOS AVOCATS<\/h6>\n                         <h4 class=\"black font2bold tiny-caps\"><\/h4>\n         <\/article>[vc_column_text]<\/p>\n<p style=\"text-align: center;\">Nous mettons \u00e0 votre service des avocats qualifi\u00e9s dont la comp\u00e9tence dans leur domaine de pr\u00e9dilection est reconnue.<\/p>\n<p style=\"text-align: center;\">Pour vous servir vite et bien et satisfaire vos attentes dans de parfaites conditions de s\u00e9curit\u00e9, nous avons investi dans la<br \/>\nmise en place d\u2019une plateforme technologique unique dans la profession d\u2019avocats au S\u00e9n\u00e9gal et dans notre sous-r\u00e9gion.<\/p>\n<p>[\/vc_column_text][\/vc_column][\/vc_row][vc_row][vc_column]<section class=\"carousel-outer-wrap add-top-quarter\">\n                   <div class=\"owl-carousel owl-nav-sticky-extra-wide team-carousel \">\n\n                            <div class=\"team-block \">\n                                <img decoding=\"async\" alt=\"\" title=\"\" src=\"https:\/\/avocats-maga.sn\/wp-content\/uploads\/2016\/11\/mag.jpg\"\/>\n                                <div class=\"team-info  white-bg\">\n                                  <h3 class=\"sub-heading  font2  dark \">Mame Adama GUEYE<\/h3>\n                                  <p class=\" dark \">Avocat Associ\u00e9 G\u00e9rant \nJuriste conseil d'entreprise \nAncien B\u00e2tonnier de l'Ordre des Avocats \n<a href=\"mailto:magueye@avocats-maga.sn\" style=\"color: #002da4;\">magueye@avocats-maga.sn<\/a>\n\n<span class=\"bouton-avocat\"><a href=\"http:\/\/avocats-maga.sn\/mame-adama-gueye\/\">D\u00e9tails<\/a><\/span><\/p>\n                                  <ul class=\"team-social\"><\/ul>\n                                <\/div>\n                            <\/div>\n\n                            <div class=\"team-block \">\n                                <img decoding=\"async\" alt=\"\" title=\"\" src=\"https:\/\/avocats-maga.sn\/wp-content\/uploads\/2016\/11\/pape-jean.jpg\"\/>\n                                <div class=\"team-info  dark-bg \">\n                                  <h3 class=\"sub-heading  font2  white \">Pape Jean SEYE<\/h3>\n                                  <p class=\" white \">Avocat associ\u00e9 \n\n<a href=\"mailto:pjseye@avocats-maga.sn\" style=\"color: #002da4;\">pjseye@avocats-maga.sn<\/a>\n\n<span class=\"bouton-avocat\"><a href=\"http:\/\/avocats-maga.sn\/pape-jean-seye\/\">D\u00e9tails<\/a><\/span><\/p>\n                                  <ul class=\"team-social\"><\/ul>\n                                <\/div>\n                            <\/div>\n\n                            <div class=\"team-block \">\n                                <img decoding=\"async\" alt=\"\" title=\"\" src=\"https:\/\/avocats-maga.sn\/wp-content\/uploads\/2016\/11\/moussa.jpg\"\/>\n                                <div class=\"team-info  white-bg\">\n                                  <h3 class=\"sub-heading  font2  dark \">Moussa SARR<\/h3>\n                                  <p class=\" dark \">Avocat associ\u00e9 \n<a href=\"mailto:msarr@avocats-maga.sn\" style=\"color: #002da4;\">msarr@avocats-maga.sn<\/a>\n\n<span class=\"bouton-avocat\"><a href=\"http:\/\/avocats-maga.sn\/moussa-sarr\/\">D\u00e9tails<\/a><\/span><\/p>\n                                  <ul class=\"team-social\"><\/ul>\n                                <\/div>\n                            <\/div>\n\n                            <div class=\"team-block \">\n                                <img decoding=\"async\" alt=\"\" title=\"\" src=\"https:\/\/avocats-maga.sn\/wp-content\/uploads\/2016\/11\/mamadou.jpg\"\/>\n                                <div class=\"team-info  dark-bg \">\n                                  <h3 class=\"sub-heading  font2  white \">Mamadou MBAYE<\/h3>\n                                  <p class=\" white \">Juriste<\/br>\n<a href=\"mailto:mmbaye@avocats-maga.sn\" style=\"color: #002da4;\">mmbaye@avocats-maga.sn<\/a>\n\n<span class=\"bouton-avocat\"><a href=\"http:\/\/avocats-maga.sn\/mamadou-mbaye\/\">D\u00e9tails<\/a><\/span><\/p>\n                                  <ul class=\"team-social\"><\/ul>\n                                <\/div>\n                            <\/div>\n\n                            <div class=\"team-block \">\n                                <img decoding=\"async\" alt=\"\" title=\"\" src=\"https:\/\/avocats-maga.sn\/wp-content\/uploads\/2016\/11\/mansour.jpg\"\/>\n                                <div class=\"team-info  white-bg\">\n                                  <h3 class=\"sub-heading  font2  dark \">Mansour HANNE<\/h3>\n                                  <p class=\" dark \">Avocat Collaborateur \n<a href=\"mailto:mhane@avocats-maga.sn\" style=\"color: #002da4;\">mhane@avocats-maga.sn<\/a>\n\n<span class=\"bouton-avocat\"><a href=\"http:\/\/avocats-maga.sn\/mansour-hanne\/\">D\u00e9tails<\/a><\/span><\/p>\n                                  <ul class=\"team-social\"><\/ul>\n                                <\/div>\n                            <\/div>\n\n                            <div class=\"team-block \">\n                                <img decoding=\"async\" alt=\"\" title=\"\" src=\"https:\/\/avocats-maga.sn\/wp-content\/uploads\/2016\/11\/mbaye.jpg\"\/>\n                                <div class=\"team-info  dark-bg \">\n                                  <h3 class=\"sub-heading  font2  white \">Mbaye SALL<\/h3>\n                                  <p class=\" white \">Avocat Collaborateur\n<a href=\"mailto:msall@avocats-maga.sn\" style=\"color: #002da4;\">msall@avocats-maga.sn<\/a>\n\n<span class=\"bouton-avocat\"><a href=\"http:\/\/avocats-maga.sn\/mbaye-sall\/ \">D\u00e9tails<\/a><\/span><\/p>\n                                  <ul class=\"team-social\"><\/ul>\n                                <\/div>\n                            <\/div>\n\n                            <div class=\"team-block \">\n                                <img decoding=\"async\" alt=\"\" title=\"\" src=\"https:\/\/avocats-maga.sn\/wp-content\/uploads\/2017\/02\/personnel-3.jpg\"\/>\n                                <div class=\"team-info  white-bg\">\n                                  <h3 class=\"sub-heading  font2  dark \">Ali Ndiaye<\/h3>\n                                  <p class=\" dark \">Avocat Stagiaire<\/p>\n                                  <ul class=\"team-social\"><\/ul>\n                                <\/div>\n                            <\/div>\n\n                            <div class=\"team-block \">\n                                <img decoding=\"async\" alt=\"\" title=\"\" src=\"https:\/\/avocats-maga.sn\/wp-content\/uploads\/2017\/02\/personnel-5.jpg\"\/>\n                                <div class=\"team-info  dark-bg \">\n                                  <h3 class=\"sub-heading  font2  white \">Seyba Danfakha<\/h3>\n                                  <p class=\" white \">Avocat Stagiaire<\/p>\n                                  <ul class=\"team-social\"><\/ul>\n                                <\/div>\n                            <\/div><\/div><\/section>[\/vc_column][\/vc_row]<\/p>\n<\/div>","protected":false},"excerpt":{"rendered":"<p>[vc_row][vc_column][vc_single_image image=&#8221;531&#8243; alignment=&#8221;center&#8221;][vc_column_text] Nous mettons \u00e0 votre service des avocats qualifi\u00e9s dont la comp\u00e9tence dans leur domaine de pr\u00e9dilection est reconnue. Pour vous servir vite et bien et satisfaire vos attentes dans de parfaites conditions de s\u00e9curit\u00e9, nous avons investi dans la mise en place d\u2019une plateforme technologique unique dans la profession d\u2019avocats au S\u00e9n\u00e9gal et dans notre sous-r\u00e9gion. [\/vc_column_text][\/vc_column][\/vc_row][vc_row][vc_column][\/vc_column][\/vc_row]<\/p>\n","protected":false},"author":1,"featured_media":0,"parent":0,"menu_order":0,"comment_status":"closed","ping_status":"closed","template":"","meta":{"footnotes":""},"class_list":["post-393","page","type-page","status-publish","hentry"],"_links":{"self":[{"href":"https:\/\/avocats-maga.sn\/en\/wp-json\/wp\/v2\/pages\/393","targetHints":{"allow":["GET"]}}],"collection":[{"href":"https:\/\/avocats-maga.sn\/en\/wp-json\/wp\/v2\/pages"}],"about":[{"href":"https:\/\/avocats-maga.sn\/en\/wp-json\/wp\/v2\/types\/page"}],"author":[{"embeddable":true,"href":"https:\/\/avocats-maga.sn\/en\/wp-json\/wp\/v2\/users\/1"}],"replies":[{"embeddable":true,"href":"https:\/\/avocats-maga.sn\/en\/wp-json\/wp\/v2\/comments?post=393"}],"version-history":[{"count":46,"href":"https:\/\/avocats-maga.sn\/en\/wp-json\/wp\/v2\/pages\/393\/revisions"}],"predecessor-version":[{"id":713,"href":"https:\/\/avocats-maga.sn\/en\/wp-json\/wp\/v2\/pages\/393\/revisions\/713"}],"wp:attachment":[{"href":"https:\/\/avocats-maga.sn\/en\/wp-json\/wp\/v2\/media?parent=393"}],"curies":[{"name":"wp","href":"https:\/\/api.w.org\/{rel}","templated":true}]}}