{"id":395,"date":"2016-11-22T13:18:33","date_gmt":"2016-11-22T12:18:33","guid":{"rendered":"http:\/\/localhost:8888\/maga\/?page_id=395"},"modified":"2017-02-27T18:43:06","modified_gmt":"2017-02-27T17:43:06","slug":"nos-services","status":"publish","type":"page","link":"https:\/\/avocats-maga.sn\/en\/nos-services\/","title":{"rendered":"Nos Services"},"content":{"rendered":"<div class=\"wpb-content-wrapper\"><p>[vc_row][vc_column][vc_single_image image=&#8221;531&#8243; alignment=&#8221;center&#8221;]\n         <article class=\"text-left  inner-pad \">\n                         <h6 class=\"promo-text  font1 dark\">NOS SERVICES<\/h6>\n                         <h4 class=\"black font2bold tiny-caps\"><\/h4>\n         <\/article>[vc_column_text]<\/p>\n<p style=\"text-align: center;\">Notre solide r\u00e9putation est fond\u00e9e sur le haut niveau de qualit\u00e9 de nos services tr\u00e8s appr\u00e9ci\u00e9 au S\u00e9n\u00e9gal et \u00e0 travers le monde.<\/p>\n<p style=\"text-align: center;\">Ainsi notre cabinet b\u00e9n\u00e9ficie de la confiance d\u2019entreprises et d\u2019institutions de r\u00e9f\u00e9rence au S\u00e9n\u00e9gal, de multinationales de<br \/>\nrenom et des grands cabinets d\u2019avocats du monde dont nous sommes les correspondants au S\u00e9n\u00e9gal et dans la sous-r\u00e9gion.<\/p>\n<p>[\/vc_column_text] <section id=\"works-container\" class=\"works-container  works-masonry-container clearfix white-bg works-thumbnails-view\">\n\n\n           <div class=\"works-item  ImageWrapper works-item-one-third-spaced info services \">\n                   <img decoding=\"async\" data-no-retina alt=\"\" title=\"\" class=\"img-responsive\" src=\"http:\/\/max.scicasoft.com\/wp-content\/uploads\/2016\/11\/conseil-assistance.jpg\"\/>\n                   <a   href=\"https:\/\/avocats-maga.sn\/en\/project\/conseil-assistance\/\">\n                       <div class=\"works-item-inner ImageOverlayCl\">\n                         <p class=\"valign text-center\"><span class=\"white font2\">Conseil &#038; Assistance<\/span><\/p>\n                       <\/div>\n                   <\/a>\n           <\/div>\n\n\n           <div class=\"works-item  ImageWrapper works-item-one-third-spaced info services \">\n                   <img decoding=\"async\" data-no-retina alt=\"\" title=\"\" class=\"img-responsive\" src=\"http:\/\/max.scicasoft.com\/wp-content\/uploads\/2016\/11\/gestion-contentieux.jpg\"\/>\n                   <a   href=\"https:\/\/avocats-maga.sn\/en\/project\/gestion-de-contentieux-representation\/\">\n                       <div class=\"works-item-inner ImageOverlayCl\">\n                         <p class=\"valign text-center\"><span class=\"white font2\">Gestion de Contentieux &#038; Representation<\/span><\/p>\n                       <\/div>\n                   <\/a>\n           <\/div>\n\n\n           <div class=\"works-item  ImageWrapper works-item-one-third-spaced info services \">\n                   <img decoding=\"async\" data-no-retina alt=\"\" title=\"\" class=\"img-responsive\" src=\"http:\/\/max.scicasoft.com\/wp-content\/uploads\/2016\/11\/recouvrement-creance.jpg\"\/>\n                   <a   href=\"https:\/\/avocats-maga.sn\/en\/project\/recouvrements-creance\/\">\n                       <div class=\"works-item-inner ImageOverlayCl\">\n                         <p class=\"valign text-center\"><span class=\"white font2\">Recouvrements de Cr\u00e9ance<\/span><\/p>\n                       <\/div>\n                   <\/a>\n           <\/div>\n\n\n           <div class=\"works-item  ImageWrapper works-item-one-third-spaced info services \">\n                   <img decoding=\"async\" data-no-retina alt=\"\" title=\"\" class=\"img-responsive\" src=\"http:\/\/max.scicasoft.com\/wp-content\/uploads\/2016\/11\/audit-juridique.jpg\"\/>\n                   <a   href=\"https:\/\/avocats-maga.sn\/en\/project\/audit-juridique-legal-option\/\">\n                       <div class=\"works-item-inner ImageOverlayCl\">\n                         <p class=\"valign text-center\"><span class=\"white font2\">Audit Juridique &#038; L\u00e9gal Option<\/span><\/p>\n                       <\/div>\n                   <\/a>\n           <\/div>\n\n\n           <div class=\"works-item  ImageWrapper works-item-one-third-spaced info services \">\n                   <img decoding=\"async\" data-no-retina alt=\"\" title=\"\" class=\"img-responsive\" src=\"http:\/\/max.scicasoft.com\/wp-content\/uploads\/2016\/11\/ingenieurie-juridique.jpg\"\/>\n                   <a   href=\"https:\/\/avocats-maga.sn\/en\/project\/due-diligence-ingenierie-juridique\/\">\n                       <div class=\"works-item-inner ImageOverlayCl\">\n                         <p class=\"valign text-center\"><span class=\"white font2\">Due diligence &#038; Ing\u00e9nierie juridique<\/span><\/p>\n                       <\/div>\n                   <\/a>\n           <\/div>\n\n\n           <div class=\"works-item  ImageWrapper works-item-one-third-spaced info services \">\n                   <img decoding=\"async\" data-no-retina alt=\"\" title=\"\" class=\"img-responsive\" src=\"http:\/\/max.scicasoft.com\/wp-content\/uploads\/2016\/11\/validation-information.jpg\"\/>\n                   <a   href=\"https:\/\/avocats-maga.sn\/en\/project\/validation-dinformations\/\">\n                       <div class=\"works-item-inner ImageOverlayCl\">\n                         <p class=\"valign text-center\"><span class=\"white font2\">Validation d&#8217;informations<\/span><\/p>\n                       <\/div>\n                   <\/a>\n           <\/div><\/section>[\/vc_column][\/vc_row]<\/p>\n<\/div>","protected":false},"excerpt":{"rendered":"<p>[vc_row][vc_column][vc_single_image image=&#8221;531&#8243; alignment=&#8221;center&#8221;][vc_column_text] Notre solide r\u00e9putation est fond\u00e9e sur le haut niveau de qualit\u00e9 de nos services tr\u00e8s appr\u00e9ci\u00e9 au S\u00e9n\u00e9gal et \u00e0 travers le monde. Ainsi notre cabinet b\u00e9n\u00e9ficie de la confiance d\u2019entreprises et d\u2019institutions de r\u00e9f\u00e9rence au S\u00e9n\u00e9gal, de multinationales de renom et des grands cabinets d\u2019avocats du monde dont nous sommes les correspondants au S\u00e9n\u00e9gal et dans la sous-r\u00e9gion. [\/vc_column_text][\/vc_column][\/vc_row]<\/p>\n","protected":false},"author":1,"featured_media":0,"parent":0,"menu_order":0,"comment_status":"closed","ping_status":"closed","template":"","meta":{"footnotes":""},"class_list":["post-395","page","type-page","status-publish","hentry"],"_links":{"self":[{"href":"https:\/\/avocats-maga.sn\/en\/wp-json\/wp\/v2\/pages\/395","targetHints":{"allow":["GET"]}}],"collection":[{"href":"https:\/\/avocats-maga.sn\/en\/wp-json\/wp\/v2\/pages"}],"about":[{"href":"https:\/\/avocats-maga.sn\/en\/wp-json\/wp\/v2\/types\/page"}],"author":[{"embeddable":true,"href":"https:\/\/avocats-maga.sn\/en\/wp-json\/wp\/v2\/users\/1"}],"replies":[{"embeddable":true,"href":"https:\/\/avocats-maga.sn\/en\/wp-json\/wp\/v2\/comments?post=395"}],"version-history":[{"count":11,"href":"https:\/\/avocats-maga.sn\/en\/wp-json\/wp\/v2\/pages\/395\/revisions"}],"predecessor-version":[{"id":714,"href":"https:\/\/avocats-maga.sn\/en\/wp-json\/wp\/v2\/pages\/395\/revisions\/714"}],"wp:attachment":[{"href":"https:\/\/avocats-maga.sn\/en\/wp-json\/wp\/v2\/media?parent=395"}],"curies":[{"name":"wp","href":"https:\/\/api.w.org\/{rel}","templated":true}]}}