{"id":397,"date":"2016-11-22T13:18:43","date_gmt":"2016-11-22T12:18:43","guid":{"rendered":"http:\/\/localhost:8888\/maga\/?page_id=397"},"modified":"2017-02-27T18:44:10","modified_gmt":"2017-02-27T17:44:10","slug":"notre-approche","status":"publish","type":"page","link":"https:\/\/avocats-maga.sn\/en\/notre-approche\/","title":{"rendered":"Notre Approche"},"content":{"rendered":"<div class=\"wpb-content-wrapper\"><p>[vc_row][vc_column][vc_single_image image=&#8221;531&#8243; alignment=&#8221;center&#8221;]\n         <article class=\"text-left  inner-pad \">\n                         <h6 class=\"promo-text  font1 dark\">NOTRE APPROCHE<\/h6>\n                         <h4 class=\"black font2bold tiny-caps\"><\/h4>\n         <\/article>[vc_column_text]<\/p>\n<p style=\"text-align: center;\">Notre cabinet est le seul cabinet d\u2019avocats au S\u00e9n\u00e9gal \u00e0 avoir mis en place un syst\u00e8me de management qualit\u00e9 qui r\u00e9pond aux standards internationaux.<br \/>\nNous sommes le premier cabinet d\u2019avocats certifi\u00e9 ISO 9001-2008 en Afrique de l\u2019Ouest, en Afrique Centrale et en Afrique du nord, ce qui traduit notre capacit\u00e9 \u00e0 d\u00e9livrer des services de standard international.<\/p>\n<p style=\"text-align: center;\">La SCP Mame Adama Gueye &amp; Associ\u00e9s est l\u2019un des rares cabinets d\u2019avocats au S\u00e9n\u00e9gal qui soit bilingue et capable de r\u00e9pondre aux sollicitations de ses clients tant en fran\u00e7ais qu\u2019en anglais.\u00a0 En effet, notre cabinet est l\u2019avocat conseil au S\u00e9n\u00e9gal de soci\u00e9t\u00e9s multinationales bas\u00e9es en Am\u00e9rique du Nord, en Am\u00e9rique du Sud, en Europe, en Asie et en Australie avec qui il travaille au quotidien en anglais.<\/p>\n<p>[\/vc_column_text][vc_separator border_width=&#8221;2&#8243; el_width=&#8221;20&#8243;][\/vc_column][\/vc_row][vc_row][vc_column width=&#8221;1\/4&#8243;][vc_column_text]<\/p>\n<p style=\"text-align: center;\">Prise de rendez-vous<\/p>\n<p>[\/vc_column_text][vc_single_image image=&#8221;613&#8243; img_size=&#8221;full&#8221; alignment=&#8221;center&#8221; css_animation=&#8221;appear&#8221;][\/vc_column][vc_column width=&#8221;1\/4&#8243;][vc_column_text]<\/p>\n<p style=\"text-align: center;\">Prise de connaissance du dossier<\/p>\n<p>[\/vc_column_text][vc_single_image image=&#8221;617&#8243; img_size=&#8221;full&#8221; alignment=&#8221;center&#8221; css_animation=&#8221;appear&#8221;][\/vc_column][vc_column width=&#8221;1\/4&#8243;][vc_column_text]<\/p>\n<p style=\"text-align: center;\">Traitement du dossier<\/p>\n<p>[\/vc_column_text][vc_single_image image=&#8221;618&#8243; img_size=&#8221;full&#8221; alignment=&#8221;center&#8221; css_animation=&#8221;appear&#8221;][\/vc_column][vc_column width=&#8221;1\/4&#8243;][vc_column_text]<\/p>\n<p style=\"text-align: center;\">Satisfaction du client<\/p>\n<p>[\/vc_column_text][vc_single_image image=&#8221;619&#8243; img_size=&#8221;full&#8221; alignment=&#8221;center&#8221; css_animation=&#8221;appear&#8221;][\/vc_column][\/vc_row]<\/p>\n<\/div>","protected":false},"excerpt":{"rendered":"<p>[vc_row][vc_column][vc_single_image image=&#8221;531&#8243; alignment=&#8221;center&#8221;][vc_column_text] Notre cabinet est le seul cabinet d\u2019avocats au S\u00e9n\u00e9gal \u00e0 avoir mis en place un syst\u00e8me de management qualit\u00e9 qui r\u00e9pond aux standards internationaux. Nous sommes le premier cabinet d\u2019avocats certifi\u00e9 ISO 9001-2008 en Afrique de l\u2019Ouest, en Afrique Centrale et en Afrique du nord, ce qui traduit notre capacit\u00e9 \u00e0 d\u00e9livrer des services de standard international. La SCP Mame Adama Gueye &amp; Associ\u00e9s est l\u2019un des rares cabinets d\u2019avocats au S\u00e9n\u00e9gal qui soit bilingue et capable de r\u00e9pondre aux sollicitations de ses clients tant en fran\u00e7ais qu\u2019en anglais.\u00a0 En effet, notre cabinet est l\u2019avocat conseil au S\u00e9n\u00e9gal de soci\u00e9t\u00e9s multinationales bas\u00e9es en Am\u00e9rique du Nord, en Am\u00e9rique du Sud, en Europe,<\/p>\n","protected":false},"author":1,"featured_media":0,"parent":0,"menu_order":0,"comment_status":"closed","ping_status":"closed","template":"","meta":{"footnotes":""},"class_list":["post-397","page","type-page","status-publish","hentry"],"_links":{"self":[{"href":"https:\/\/avocats-maga.sn\/en\/wp-json\/wp\/v2\/pages\/397","targetHints":{"allow":["GET"]}}],"collection":[{"href":"https:\/\/avocats-maga.sn\/en\/wp-json\/wp\/v2\/pages"}],"about":[{"href":"https:\/\/avocats-maga.sn\/en\/wp-json\/wp\/v2\/types\/page"}],"author":[{"embeddable":true,"href":"https:\/\/avocats-maga.sn\/en\/wp-json\/wp\/v2\/users\/1"}],"replies":[{"embeddable":true,"href":"https:\/\/avocats-maga.sn\/en\/wp-json\/wp\/v2\/comments?post=397"}],"version-history":[{"count":11,"href":"https:\/\/avocats-maga.sn\/en\/wp-json\/wp\/v2\/pages\/397\/revisions"}],"predecessor-version":[{"id":715,"href":"https:\/\/avocats-maga.sn\/en\/wp-json\/wp\/v2\/pages\/397\/revisions\/715"}],"wp:attachment":[{"href":"https:\/\/avocats-maga.sn\/en\/wp-json\/wp\/v2\/media?parent=397"}],"curies":[{"name":"wp","href":"https:\/\/api.w.org\/{rel}","templated":true}]}}