{"id":561,"date":"2016-11-23T17:28:08","date_gmt":"2016-11-23T16:28:08","guid":{"rendered":"http:\/\/localhost:8888\/maga\/?page_id=561"},"modified":"2017-03-01T13:34:32","modified_gmt":"2017-03-01T12:34:32","slug":"mame-adama-gueye","status":"publish","type":"page","link":"https:\/\/avocats-maga.sn\/en\/mame-adama-gueye\/","title":{"rendered":"Mame Adama Gueye"},"content":{"rendered":"<div class=\"wpb-content-wrapper\"><p>[vc_row][vc_column][vc_single_image image=&#8221;531&#8243; alignment=&#8221;center&#8221;][\/vc_column][\/vc_row][vc_row el_class=&#8221;pad-bottom pad-bottom&#8221;][vc_column width=&#8221;1\/2&#8243;]\n         <article class=\"text-left  inner-pad \">\n                         <h6 class=\"promo-text  font1 dark\">MAME ADAMA GUEYE <\/h6>\n                         <h4 class=\"black font2bold tiny-caps\">Avocat Associ\u00e9 G\u00e9rant Juriste conseil d'entreprise Ancien B\u00e2tonnier de l'Ordre des Avocats <\/h4>\n         <\/article>[vc_row_inner][vc_column_inner][vc_column_text]<\/p>\n<p style=\"text-align: justify;\">Ma\u00eetre Mame Adama GUEYE est inscrit au tableau de l\u2019Ordre des Avocats depuis Juillet 1982 et a exerc\u00e9 effectivement sans discontinuer la profession d\u2019avocat depuis cette date et totalise ainsi une exp\u00e9rience professionnelle de 34 ans.<\/p>\n<p style=\"text-align: justify;\">Ma\u00eetre GUEYE qui est titulaire d\u2019un MBA de l\u2019Universit\u00e9 du Qu\u00e9bec A Montr\u00e9al, est reconnu comme l\u2019un des meilleurs avocats d\u2019affaires au S\u00e9n\u00e9gal. Outre ses activit\u00e9s d\u2019avocat et de juriste conseil d\u2019entreprise, Ma\u00eetre Mame Adama GUEYE exerce en tant que consultant dans le domaine de la gouvernance et des r\u00e9formes juridiques et judiciaires en faisant valoir dans ce domaine l\u2019exp\u00e9rience pratique tir\u00e9e de son implication dans des activit\u00e9s associatives de promotion de la bonne gouvernance et de lutte contre la corruption.<\/p>\n<p>[\/vc_column_text][vc_column_text]magueye@avocats-maga.sn[\/vc_column_text][\/vc_column_inner][\/vc_row_inner][\/vc_column][vc_column width=&#8221;1\/2&#8243;][vc_single_image image=&#8221;563&#8243; img_size=&#8221;full&#8221; alignment=&#8221;center&#8221; css_animation=&#8221;appear&#8221;][\/vc_column][\/vc_row]<\/p>\n<\/div>","protected":false},"excerpt":{"rendered":"<p>[vc_row][vc_column][vc_single_image image=&#8221;531&#8243; alignment=&#8221;center&#8221;][\/vc_column][\/vc_row][vc_row el_class=&#8221;pad-bottom pad-bottom&#8221;][vc_column width=&#8221;1\/2&#8243;][vc_row_inner][vc_column_inner][vc_column_text] Ma\u00eetre Mame Adama GUEYE est inscrit au tableau de l\u2019Ordre des Avocats depuis Juillet 1982 et a exerc\u00e9 effectivement sans discontinuer la profession d\u2019avocat depuis cette date et totalise ainsi une exp\u00e9rience professionnelle de 34 ans. Ma\u00eetre GUEYE qui est titulaire d\u2019un MBA de l\u2019Universit\u00e9 du Qu\u00e9bec A Montr\u00e9al, est reconnu comme l\u2019un des meilleurs avocats d\u2019affaires au S\u00e9n\u00e9gal. Outre ses activit\u00e9s d\u2019avocat et de juriste conseil d\u2019entreprise, Ma\u00eetre Mame Adama GUEYE exerce en tant que consultant dans le domaine de la gouvernance et des r\u00e9formes juridiques et judiciaires en faisant valoir dans ce domaine l\u2019exp\u00e9rience pratique tir\u00e9e de son implication dans des activit\u00e9s associatives de promotion de la<\/p>\n","protected":false},"author":1,"featured_media":0,"parent":0,"menu_order":0,"comment_status":"closed","ping_status":"closed","template":"","meta":{"footnotes":""},"class_list":["post-561","page","type-page","status-publish","hentry"],"_links":{"self":[{"href":"https:\/\/avocats-maga.sn\/en\/wp-json\/wp\/v2\/pages\/561","targetHints":{"allow":["GET"]}}],"collection":[{"href":"https:\/\/avocats-maga.sn\/en\/wp-json\/wp\/v2\/pages"}],"about":[{"href":"https:\/\/avocats-maga.sn\/en\/wp-json\/wp\/v2\/types\/page"}],"author":[{"embeddable":true,"href":"https:\/\/avocats-maga.sn\/en\/wp-json\/wp\/v2\/users\/1"}],"replies":[{"embeddable":true,"href":"https:\/\/avocats-maga.sn\/en\/wp-json\/wp\/v2\/comments?post=561"}],"version-history":[{"count":12,"href":"https:\/\/avocats-maga.sn\/en\/wp-json\/wp\/v2\/pages\/561\/revisions"}],"predecessor-version":[{"id":736,"href":"https:\/\/avocats-maga.sn\/en\/wp-json\/wp\/v2\/pages\/561\/revisions\/736"}],"wp:attachment":[{"href":"https:\/\/avocats-maga.sn\/en\/wp-json\/wp\/v2\/media?parent=561"}],"curies":[{"name":"wp","href":"https:\/\/api.w.org\/{rel}","templated":true}]}}