{"id":574,"date":"2016-11-28T18:44:54","date_gmt":"2016-11-28T17:44:54","guid":{"rendered":"http:\/\/max.scicasoft.com\/?page_id=574"},"modified":"2017-03-01T13:37:39","modified_gmt":"2017-03-01T12:37:39","slug":"pape-jean-seye","status":"publish","type":"page","link":"https:\/\/avocats-maga.sn\/en\/pape-jean-seye\/","title":{"rendered":"Pape Jean Seye"},"content":{"rendered":"<div class=\"wpb-content-wrapper\"><p>[vc_row][vc_column][vc_single_image image=&#8221;531&#8243; alignment=&#8221;center&#8221;][\/vc_column][\/vc_row][vc_row el_class=&#8221;pad-bottom pad-bottom&#8221;][vc_column width=&#8221;1\/3&#8243;]\n         <article class=\"text-left  inner-pad \">\n                         <h6 class=\"promo-text  font1 dark\">PAPE JEAN SEYE<\/h6>\n                         <h4 class=\"black font2bold tiny-caps\">Avocat associ\u00e9<\/h4>\n         <\/article>[vc_column_text]<\/p>\n<p style=\"text-align: justify;\">Il a pr\u00eat\u00e9 serment le 22 Mars 1991 et est inscrit au tableau de l\u2019Ordre des Avocats depuis cette date.<\/p>\n<p style=\"text-align: justify;\">Ma\u00eetre Pape Jean S\u00e8ye est reconnu comme l\u2019un des meilleurs sp\u00e9cialistes en droit du travail et en gestion de ressources humaines dans le Barreau s\u00e9n\u00e9galais.<\/p>\n<p>[\/vc_column_text][vc_column_text]pjseye@avocats-maga.sn[\/vc_column_text][\/vc_column][vc_column width=&#8221;2\/3&#8243;][vc_single_image image=&#8221;575&#8243; img_size=&#8221;full&#8221; alignment=&#8221;center&#8221; css_animation=&#8221;appear&#8221;][\/vc_column][\/vc_row]<\/p>\n<\/div>","protected":false},"excerpt":{"rendered":"<p>[vc_row][vc_column][vc_single_image image=&#8221;531&#8243; alignment=&#8221;center&#8221;][\/vc_column][\/vc_row][vc_row el_class=&#8221;pad-bottom pad-bottom&#8221;][vc_column width=&#8221;1\/3&#8243;][vc_column_text] Il a pr\u00eat\u00e9 serment le 22 Mars 1991 et est inscrit au tableau de l\u2019Ordre des Avocats depuis cette date. Ma\u00eetre Pape Jean S\u00e8ye est reconnu comme l\u2019un des meilleurs sp\u00e9cialistes en droit du travail et en gestion de ressources humaines dans le Barreau s\u00e9n\u00e9galais. [\/vc_column_text][vc_column_text]pjseye@avocats-maga.sn[\/vc_column_text][\/vc_column][vc_column width=&#8221;2\/3&#8243;][vc_single_image image=&#8221;575&#8243; img_size=&#8221;full&#8221; alignment=&#8221;center&#8221; css_animation=&#8221;appear&#8221;][\/vc_column][\/vc_row]<\/p>\n","protected":false},"author":1,"featured_media":0,"parent":0,"menu_order":0,"comment_status":"closed","ping_status":"closed","template":"","meta":{"footnotes":""},"class_list":["post-574","page","type-page","status-publish","hentry"],"_links":{"self":[{"href":"https:\/\/avocats-maga.sn\/en\/wp-json\/wp\/v2\/pages\/574","targetHints":{"allow":["GET"]}}],"collection":[{"href":"https:\/\/avocats-maga.sn\/en\/wp-json\/wp\/v2\/pages"}],"about":[{"href":"https:\/\/avocats-maga.sn\/en\/wp-json\/wp\/v2\/types\/page"}],"author":[{"embeddable":true,"href":"https:\/\/avocats-maga.sn\/en\/wp-json\/wp\/v2\/users\/1"}],"replies":[{"embeddable":true,"href":"https:\/\/avocats-maga.sn\/en\/wp-json\/wp\/v2\/comments?post=574"}],"version-history":[{"count":2,"href":"https:\/\/avocats-maga.sn\/en\/wp-json\/wp\/v2\/pages\/574\/revisions"}],"predecessor-version":[{"id":740,"href":"https:\/\/avocats-maga.sn\/en\/wp-json\/wp\/v2\/pages\/574\/revisions\/740"}],"wp:attachment":[{"href":"https:\/\/avocats-maga.sn\/en\/wp-json\/wp\/v2\/media?parent=574"}],"curies":[{"name":"wp","href":"https:\/\/api.w.org\/{rel}","templated":true}]}}