{"id":579,"date":"2016-11-28T18:48:55","date_gmt":"2016-11-28T17:48:55","guid":{"rendered":"http:\/\/max.scicasoft.com\/?page_id=579"},"modified":"2017-03-01T13:37:20","modified_gmt":"2017-03-01T12:37:20","slug":"moussa-sarr","status":"publish","type":"page","link":"https:\/\/avocats-maga.sn\/en\/moussa-sarr\/","title":{"rendered":"Moussa Sarr"},"content":{"rendered":"<div class=\"wpb-content-wrapper\"><p>[vc_row][vc_column][vc_single_image image=&#8221;531&#8243; alignment=&#8221;center&#8221;][\/vc_column][\/vc_row][vc_row el_class=&#8221;pad-bottom pad-bottom&#8221;][vc_column width=&#8221;1\/3&#8243;]\n         <article class=\"text-left  inner-pad \">\n                         <h6 class=\"promo-text  font1 dark\">MOUSSA SARR<\/h6>\n                         <h4 class=\"black font2bold tiny-caps\">Avocat associ\u00e9<\/h4>\n         <\/article>[vc_column_text]Il est inscrit au tableau de l\u2019Ordre des Avocats depuis 2000. Avocat Associ\u00e9, Chef du D\u00e9partement Contentieux et qualit\u00e9 du cabinet, Ma\u00eetre Moussa Sarr est un sp\u00e9cialiste du contentieux des affaires.<\/p>\n<p>Il est sp\u00e9cialis\u00e9 en droit Immobilier, droit bancaire, droit p\u00e9nal des affaires, droit des contrats civils et commerciaux et en droit public \u00e9conomique (contrats de gestion et concession de service public, march\u00e9s publics, montage de partenariats publics-priv\u00e9s) Il s&#8217;occupe \u00e9galement de la r\u00e9daction des contrats et de l&#8217;audit juridique.<\/p>\n<p>Charg\u00e9 de Cours en droit des affaires dans les Ecoles Sup\u00e9rieures de Commerce \u00e0 Dakar et \u00e0 l\u2019Universit\u00e9 de Dakar, il est aussi l&#8217;ancien Pr\u00e9sident de l\u2019AJAS (Association des Jeunes Avocats du S\u00e9n\u00e9gal).[\/vc_column_text][vc_column_text]msarr@avocats-maga.sn[\/vc_column_text][\/vc_column][vc_column width=&#8221;2\/3&#8243;][vc_single_image image=&#8221;580&#8243; img_size=&#8221;full&#8221; alignment=&#8221;center&#8221; css_animation=&#8221;appear&#8221;][\/vc_column][\/vc_row]<\/p>\n<\/div>","protected":false},"excerpt":{"rendered":"<p>[vc_row][vc_column][vc_single_image image=&#8221;531&#8243; alignment=&#8221;center&#8221;][\/vc_column][\/vc_row][vc_row el_class=&#8221;pad-bottom pad-bottom&#8221;][vc_column width=&#8221;1\/3&#8243;][vc_column_text]Il est inscrit au tableau de l\u2019Ordre des Avocats depuis 2000. Avocat Associ\u00e9, Chef du D\u00e9partement Contentieux et qualit\u00e9 du cabinet, Ma\u00eetre Moussa Sarr est un sp\u00e9cialiste du contentieux des affaires. Il est sp\u00e9cialis\u00e9 en droit Immobilier, droit bancaire, droit p\u00e9nal des affaires, droit des contrats civils et commerciaux et en droit public \u00e9conomique (contrats de gestion et concession de service public, march\u00e9s publics, montage de partenariats publics-priv\u00e9s) Il s&#8217;occupe \u00e9galement de la r\u00e9daction des contrats et de l&#8217;audit juridique. Charg\u00e9 de Cours en droit des affaires dans les Ecoles Sup\u00e9rieures de Commerce \u00e0 Dakar et \u00e0 l\u2019Universit\u00e9 de Dakar, il est aussi l&#8217;ancien Pr\u00e9sident de l\u2019AJAS (Association des Jeunes<\/p>\n","protected":false},"author":1,"featured_media":0,"parent":0,"menu_order":0,"comment_status":"closed","ping_status":"closed","template":"","meta":{"footnotes":""},"class_list":["post-579","page","type-page","status-publish","hentry"],"_links":{"self":[{"href":"https:\/\/avocats-maga.sn\/en\/wp-json\/wp\/v2\/pages\/579","targetHints":{"allow":["GET"]}}],"collection":[{"href":"https:\/\/avocats-maga.sn\/en\/wp-json\/wp\/v2\/pages"}],"about":[{"href":"https:\/\/avocats-maga.sn\/en\/wp-json\/wp\/v2\/types\/page"}],"author":[{"embeddable":true,"href":"https:\/\/avocats-maga.sn\/en\/wp-json\/wp\/v2\/users\/1"}],"replies":[{"embeddable":true,"href":"https:\/\/avocats-maga.sn\/en\/wp-json\/wp\/v2\/comments?post=579"}],"version-history":[{"count":3,"href":"https:\/\/avocats-maga.sn\/en\/wp-json\/wp\/v2\/pages\/579\/revisions"}],"predecessor-version":[{"id":739,"href":"https:\/\/avocats-maga.sn\/en\/wp-json\/wp\/v2\/pages\/579\/revisions\/739"}],"wp:attachment":[{"href":"https:\/\/avocats-maga.sn\/en\/wp-json\/wp\/v2\/media?parent=579"}],"curies":[{"name":"wp","href":"https:\/\/api.w.org\/{rel}","templated":true}]}}