{"id":583,"date":"2016-11-28T18:52:55","date_gmt":"2016-11-28T17:52:55","guid":{"rendered":"http:\/\/max.scicasoft.com\/?page_id=583"},"modified":"2017-03-01T13:32:59","modified_gmt":"2017-03-01T12:32:59","slug":"mamadou-mbaye","status":"publish","type":"page","link":"https:\/\/avocats-maga.sn\/en\/mamadou-mbaye\/","title":{"rendered":"Mamadou Mbaye"},"content":{"rendered":"<div class=\"wpb-content-wrapper\"><p>[vc_row][vc_column][vc_single_image image=&#8221;531&#8243; alignment=&#8221;center&#8221;][\/vc_column][\/vc_row][vc_row el_class=&#8221;pad-bottom pad-bottom&#8221;][vc_column width=&#8221;1\/2&#8243;]\n         <article class=\"text-left  inner-pad \">\n                         <h6 class=\"promo-text  font1 dark\">MAMADOU MBAYE<\/h6>\n                         <h4 class=\"black font2bold tiny-caps\">Juriste<\/h4>\n         <\/article>[vc_column_text]Conseil juridique senior, Mamadou Mbaye, titulaire d\u2019un DESS de droit de la propri\u00e9t\u00e9 intellectuelle, qui collabore avec le cabinet depuis plus de 20 ans a d\u00e9velopp\u00e9 une competence av\u00e9r\u00e9e en mati\u00e8re d\u2019assistance et de conseils juridique,notamment au niveau international.[\/vc_column_text][vc_column_text]mmbaye@avocats-maga.sn[\/vc_column_text][\/vc_column][vc_column width=&#8221;1\/2&#8243;][vc_single_image image=&#8221;584&#8243; img_size=&#8221;full&#8221; alignment=&#8221;center&#8221; css_animation=&#8221;appear&#8221;][\/vc_column][\/vc_row]<\/p>\n<\/div>","protected":false},"excerpt":{"rendered":"<p>[vc_row][vc_column][vc_single_image image=&#8221;531&#8243; alignment=&#8221;center&#8221;][\/vc_column][\/vc_row][vc_row el_class=&#8221;pad-bottom pad-bottom&#8221;][vc_column width=&#8221;1\/2&#8243;][vc_column_text]Conseil juridique senior, Mamadou Mbaye, titulaire d\u2019un DESS de droit de la propri\u00e9t\u00e9 intellectuelle, qui collabore avec le cabinet depuis plus de 20 ans a d\u00e9velopp\u00e9 une competence av\u00e9r\u00e9e en mati\u00e8re d\u2019assistance et de conseils juridique,notamment au niveau international.[\/vc_column_text][vc_column_text]mmbaye@avocats-maga.sn[\/vc_column_text][\/vc_column][vc_column width=&#8221;1\/2&#8243;][vc_single_image image=&#8221;584&#8243; img_size=&#8221;full&#8221; alignment=&#8221;center&#8221; css_animation=&#8221;appear&#8221;][\/vc_column][\/vc_row]<\/p>\n","protected":false},"author":1,"featured_media":0,"parent":0,"menu_order":0,"comment_status":"closed","ping_status":"closed","template":"","meta":{"footnotes":""},"class_list":["post-583","page","type-page","status-publish","hentry"],"_links":{"self":[{"href":"https:\/\/avocats-maga.sn\/en\/wp-json\/wp\/v2\/pages\/583","targetHints":{"allow":["GET"]}}],"collection":[{"href":"https:\/\/avocats-maga.sn\/en\/wp-json\/wp\/v2\/pages"}],"about":[{"href":"https:\/\/avocats-maga.sn\/en\/wp-json\/wp\/v2\/types\/page"}],"author":[{"embeddable":true,"href":"https:\/\/avocats-maga.sn\/en\/wp-json\/wp\/v2\/users\/1"}],"replies":[{"embeddable":true,"href":"https:\/\/avocats-maga.sn\/en\/wp-json\/wp\/v2\/comments?post=583"}],"version-history":[{"count":4,"href":"https:\/\/avocats-maga.sn\/en\/wp-json\/wp\/v2\/pages\/583\/revisions"}],"predecessor-version":[{"id":735,"href":"https:\/\/avocats-maga.sn\/en\/wp-json\/wp\/v2\/pages\/583\/revisions\/735"}],"wp:attachment":[{"href":"https:\/\/avocats-maga.sn\/en\/wp-json\/wp\/v2\/media?parent=583"}],"curies":[{"name":"wp","href":"https:\/\/api.w.org\/{rel}","templated":true}]}}