{"id":591,"date":"2016-11-28T19:00:43","date_gmt":"2016-11-28T18:00:43","guid":{"rendered":"http:\/\/max.scicasoft.com\/?page_id=591"},"modified":"2017-03-01T13:35:36","modified_gmt":"2017-03-01T12:35:36","slug":"mansour-hanne","status":"publish","type":"page","link":"https:\/\/avocats-maga.sn\/en\/mansour-hanne\/","title":{"rendered":"Mansour Hanne"},"content":{"rendered":"<div class=\"wpb-content-wrapper\"><p>[vc_row][vc_column][vc_single_image image=&#8221;531&#8243; alignment=&#8221;center&#8221;][\/vc_column][\/vc_row][vc_row el_class=&#8221;pad-bottom pad-bottom&#8221;][vc_column width=&#8221;1\/3&#8243;]\n         <article class=\"text-left  inner-pad \">\n                         <h6 class=\"promo-text  font1 dark\">MANSOUR HANNE<\/h6>\n                         <h4 class=\"black font2bold tiny-caps\">Avocat Collaborateur <\/h4>\n         <\/article>[vc_column_text]Il est inscrit au tableau de l\u2019Ordre des Avocats depuis le 16 Janvier 2009.<\/p>\n<p>Dipl\u00f4m\u00e9 en droit des affaires, Ma\u00eetre Mansour Hane est depuis 2008 avocat collaborateur au cabinet o\u00f9 il est rattach\u00e9 au d\u00e9partement contentieux.[\/vc_column_text][vc_column_text]mhane@avocats-maga.sn[\/vc_column_text][\/vc_column][vc_column width=&#8221;2\/3&#8243;][vc_single_image image=&#8221;592&#8243; img_size=&#8221;full&#8221; alignment=&#8221;center&#8221; css_animation=&#8221;appear&#8221;][\/vc_column][\/vc_row]<\/p>\n<\/div>","protected":false},"excerpt":{"rendered":"<p>[vc_row][vc_column][vc_single_image image=&#8221;531&#8243; alignment=&#8221;center&#8221;][\/vc_column][\/vc_row][vc_row el_class=&#8221;pad-bottom pad-bottom&#8221;][vc_column width=&#8221;1\/3&#8243;][vc_column_text]Il est inscrit au tableau de l\u2019Ordre des Avocats depuis le 16 Janvier 2009. Dipl\u00f4m\u00e9 en droit des affaires, Ma\u00eetre Mansour Hane est depuis 2008 avocat collaborateur au cabinet o\u00f9 il est rattach\u00e9 au d\u00e9partement contentieux.[\/vc_column_text][vc_column_text]mhane@avocats-maga.sn[\/vc_column_text][\/vc_column][vc_column width=&#8221;2\/3&#8243;][vc_single_image image=&#8221;592&#8243; img_size=&#8221;full&#8221; alignment=&#8221;center&#8221; css_animation=&#8221;appear&#8221;][\/vc_column][\/vc_row]<\/p>\n","protected":false},"author":1,"featured_media":0,"parent":0,"menu_order":0,"comment_status":"closed","ping_status":"closed","template":"","meta":{"footnotes":""},"class_list":["post-591","page","type-page","status-publish","hentry"],"_links":{"self":[{"href":"https:\/\/avocats-maga.sn\/en\/wp-json\/wp\/v2\/pages\/591","targetHints":{"allow":["GET"]}}],"collection":[{"href":"https:\/\/avocats-maga.sn\/en\/wp-json\/wp\/v2\/pages"}],"about":[{"href":"https:\/\/avocats-maga.sn\/en\/wp-json\/wp\/v2\/types\/page"}],"author":[{"embeddable":true,"href":"https:\/\/avocats-maga.sn\/en\/wp-json\/wp\/v2\/users\/1"}],"replies":[{"embeddable":true,"href":"https:\/\/avocats-maga.sn\/en\/wp-json\/wp\/v2\/comments?post=591"}],"version-history":[{"count":3,"href":"https:\/\/avocats-maga.sn\/en\/wp-json\/wp\/v2\/pages\/591\/revisions"}],"predecessor-version":[{"id":737,"href":"https:\/\/avocats-maga.sn\/en\/wp-json\/wp\/v2\/pages\/591\/revisions\/737"}],"wp:attachment":[{"href":"https:\/\/avocats-maga.sn\/en\/wp-json\/wp\/v2\/media?parent=591"}],"curies":[{"name":"wp","href":"https:\/\/api.w.org\/{rel}","templated":true}]}}