{"id":684,"date":"2017-02-27T11:26:10","date_gmt":"2017-02-27T10:26:10","guid":{"rendered":"http:\/\/avocats-maga.sn\/?page_id=684"},"modified":"2017-03-01T16:46:21","modified_gmt":"2017-03-01T15:46:21","slug":"equipe-support","status":"publish","type":"page","link":"https:\/\/avocats-maga.sn\/en\/equipe-support\/","title":{"rendered":"Equipe support"},"content":{"rendered":"<div class=\"wpb-content-wrapper\"><p>[vc_row][vc_column][vc_single_image image=&#8221;531&#8243; alignment=&#8221;center&#8221;]\n         <article class=\"text-left  inner-pad \">\n                         <h6 class=\"promo-text  font1 dark\">EQUIPE SUPPORT<\/h6>\n                         <h4 class=\"black font2bold tiny-caps\"><\/h4>\n         <\/article>[vc_column_text]<\/p>\n<p style=\"text-align: center;\">Afin de donner un meilleur service \u00e0 sa client\u00e8le, la SCP MAGA a alli\u00e9 l\u2019exp\u00e9rience de l\u2019avocat Associ\u00e9 principal et le dynamisme de jeunes avocats form\u00e9s dans le cabinet et qui y ont capitalis\u00e9 une grande exp\u00e9rience et un savoir faire qui en font des avocats comp\u00e9tents et rigoureux. Cette strat\u00e9gie a permis de consolider l\u2019image de marque du cabinet et de maintenir un niveau de services de qualit\u00e9 marqu\u00e9 par la comp\u00e9tence, la disponibilit\u00e9, la fiabilit\u00e9 et la rigueur.<\/p>\n<p>[\/vc_column_text][\/vc_column][\/vc_row][vc_row][vc_column]<section class=\"carousel-outer-wrap add-top-quarter\">\n                   <div class=\"owl-carousel owl-nav-sticky-extra-wide team-carousel \">\n\n                            <div class=\"team-block \">\n                                <img decoding=\"async\" alt=\"\" title=\"\" src=\"https:\/\/avocats-maga.sn\/wp-content\/uploads\/2017\/02\/personnel-1.jpg\"\/>\n                                <div class=\"team-info  white-bg\">\n                                  <h3 class=\"sub-heading  font2  dark \">Moustapha San\u00e9<\/h3>\n                                  <p class=\" dark \">Clerc Principal<\/p>\n                                  <ul class=\"team-social\"><\/ul>\n                                <\/div>\n                            <\/div>\n\n                            <div class=\"team-block \">\n                                <img decoding=\"async\" alt=\"\" title=\"\" src=\"https:\/\/avocats-maga.sn\/wp-content\/uploads\/2017\/02\/personnel-7.jpg\"\/>\n                                <div class=\"team-info  dark-bg \">\n                                  <h3 class=\"sub-heading  font2  white \">Mouhamed Seck<\/h3>\n                                  <p class=\" white \">Jusriste<\/p>\n                                  <ul class=\"team-social\"><\/ul>\n                                <\/div>\n                            <\/div>\n\n                            <div class=\"team-block \">\n                                <img decoding=\"async\" alt=\"\" title=\"\" src=\"https:\/\/avocats-maga.sn\/wp-content\/uploads\/2017\/02\/personnel-8.jpg\"\/>\n                                <div class=\"team-info  white-bg\">\n                                  <h3 class=\"sub-heading  font2  dark \">Boubacar Gueye<\/h3>\n                                  <p class=\" dark \">Juriste<\/p>\n                                  <ul class=\"team-social\"><\/ul>\n                                <\/div>\n                            <\/div>\n\n                            <div class=\"team-block \">\n                                <img decoding=\"async\" alt=\"\" title=\"\" src=\"https:\/\/avocats-maga.sn\/wp-content\/uploads\/2017\/02\/personnel-9.jpg\"\/>\n                                <div class=\"team-info  dark-bg \">\n                                  <h3 class=\"sub-heading  font2  white \">Marie Francoise Ndiaye<\/h3>\n                                  <p class=\" white \">Assistante<\/p>\n                                  <ul class=\"team-social\"><\/ul>\n                                <\/div>\n                            <\/div>\n\n                            <div class=\"team-block \">\n                                <img decoding=\"async\" alt=\"\" title=\"\" src=\"https:\/\/avocats-maga.sn\/wp-content\/uploads\/2017\/02\/personnel-10.jpg\"\/>\n                                <div class=\"team-info  white-bg\">\n                                  <h3 class=\"sub-heading  font2  dark \">Josiane Lopez Fnaiche<\/h3>\n                                  <p class=\" dark \">Assistante<\/p>\n                                  <ul class=\"team-social\"><\/ul>\n                                <\/div>\n                            <\/div>\n\n                            <div class=\"team-block \">\n                                <img decoding=\"async\" alt=\"\" title=\"\" src=\"https:\/\/avocats-maga.sn\/wp-content\/uploads\/2017\/02\/personnel-11.jpg\"\/>\n                                <div class=\"team-info  dark-bg \">\n                                  <h3 class=\"sub-heading  font2  white \">Ndeye Penda Gueye<\/h3>\n                                  <p class=\" white \">Conseill\u00e8re Juridique<\/p>\n                                  <ul class=\"team-social\"><\/ul>\n                                <\/div>\n                            <\/div>\n\n                            <div class=\"team-block \">\n                                <img decoding=\"async\" alt=\"\" title=\"\" src=\"https:\/\/avocats-maga.sn\/wp-content\/uploads\/2017\/02\/personnel-2.jpg\"\/>\n                                <div class=\"team-info  white-bg\">\n                                  <h3 class=\"sub-heading  font2  dark \">Simon Mendy<\/h3>\n                                  <p class=\" dark \">Clerc Palais<\/p>\n                                  <ul class=\"team-social\"><\/ul>\n                                <\/div>\n                            <\/div>\n\n                            <div class=\"team-block \">\n                                <img decoding=\"async\" alt=\"\" title=\"\" src=\"https:\/\/avocats-maga.sn\/wp-content\/uploads\/2017\/02\/personnel-13.jpg\"\/>\n                                <div class=\"team-info  dark-bg \">\n                                  <h3 class=\"sub-heading  font2  white \">Same Mbaye<\/h3>\n                                  <p class=\" white \">Coursier<\/p>\n                                  <ul class=\"team-social\"><\/ul>\n                                <\/div>\n                            <\/div><\/div><\/section>[\/vc_column][\/vc_row]<\/p>\n<\/div>","protected":false},"excerpt":{"rendered":"<p>[vc_row][vc_column][vc_single_image image=&#8221;531&#8243; alignment=&#8221;center&#8221;][vc_column_text] Afin de donner un meilleur service \u00e0 sa client\u00e8le, la SCP MAGA a alli\u00e9 l\u2019exp\u00e9rience de l\u2019avocat Associ\u00e9 principal et le dynamisme de jeunes avocats form\u00e9s dans le cabinet et qui y ont capitalis\u00e9 une grande exp\u00e9rience et un savoir faire qui en font des avocats comp\u00e9tents et rigoureux. Cette strat\u00e9gie a permis de consolider l\u2019image de marque du cabinet et de maintenir un niveau de services de qualit\u00e9 marqu\u00e9 par la comp\u00e9tence, la disponibilit\u00e9, la fiabilit\u00e9 et la rigueur. [\/vc_column_text][\/vc_column][\/vc_row][vc_row][vc_column][\/vc_column][\/vc_row]<\/p>\n","protected":false},"author":1,"featured_media":0,"parent":0,"menu_order":0,"comment_status":"closed","ping_status":"closed","template":"","meta":{"footnotes":""},"class_list":["post-684","page","type-page","status-publish","hentry"],"_links":{"self":[{"href":"https:\/\/avocats-maga.sn\/en\/wp-json\/wp\/v2\/pages\/684","targetHints":{"allow":["GET"]}}],"collection":[{"href":"https:\/\/avocats-maga.sn\/en\/wp-json\/wp\/v2\/pages"}],"about":[{"href":"https:\/\/avocats-maga.sn\/en\/wp-json\/wp\/v2\/types\/page"}],"author":[{"embeddable":true,"href":"https:\/\/avocats-maga.sn\/en\/wp-json\/wp\/v2\/users\/1"}],"replies":[{"embeddable":true,"href":"https:\/\/avocats-maga.sn\/en\/wp-json\/wp\/v2\/comments?post=684"}],"version-history":[{"count":11,"href":"https:\/\/avocats-maga.sn\/en\/wp-json\/wp\/v2\/pages\/684\/revisions"}],"predecessor-version":[{"id":756,"href":"https:\/\/avocats-maga.sn\/en\/wp-json\/wp\/v2\/pages\/684\/revisions\/756"}],"wp:attachment":[{"href":"https:\/\/avocats-maga.sn\/en\/wp-json\/wp\/v2\/media?parent=684"}],"curies":[{"name":"wp","href":"https:\/\/api.w.org\/{rel}","templated":true}]}}